{"id":9426,"date":"2024-09-23T19:14:39","date_gmt":"2024-09-23T18:14:39","guid":{"rendered":"https:\/\/www.yashindo.nl\/?page_id=9426"},"modified":"2026-05-07T15:50:47","modified_gmt":"2026-05-07T14:50:47","slug":"kyusho-jitsu-yashindo","status":"publish","type":"page","link":"https:\/\/www.yashindo.nl\/?page_id=9426","title":{"rendered":"KYUSHO JITSU &#8211; YASHINDO"},"content":{"rendered":"<div class=\"wpb-content-wrapper\"><p>[vc_row full_width=\"stretch_row\" full_height=\"yes\" content_placement=\"middle\" parallax=\"content-moving\" parallax_image=\"9839\" css=\".vc_custom_1773240396850{padding-top: 7em !important;padding-bottom: 7.5em !important;}\"][vc_column width=\"1\/2\"][\/vc_column][vc_column width=\"1\/2\"]<div  id=\"sc_promo_329621873\" \n\tclass=\"sc_promo sc_promo_modern sc_promo_size_normal sc_promo_no_paddings sc_promo_no_image\"\n\t\t><div class=\"sc_promo_text\" style=\"width: 100%;\">\n\t\t\t<div class=\"sc_promo_text_inner sc_content_width_1_1\" style=\"\"><h6 class=\"sc_item_subtitle sc_promo_subtitle sc_align_left sc_item_title_style_default\">Yashindo<\/h6><h3 class=\"sc_item_title sc_promo_title sc_align_left sc_item_title_style_default\">Kyusho Jitsu<\/h3><\/div>\n\t\t<\/div><!-- \/.sc_promo_text --><\/div><!-- \/.sc_promo -->[\/vc_column][\/vc_row][vc_row][vc_column][vc_empty_space height=\"80px\" alter_height=\"medium\" hide_on_mobile=\"\"][\/vc_column][\/vc_row][vc_row][vc_column]<div id=\"sc_title_1528963135\"\n\t\tclass=\"sc_title sc_title_default\"><h6 class=\"sc_item_subtitle sc_title_subtitle sc_align_center sc_item_title_style_default\">Yashindo<\/h6><h3 class=\"sc_item_title sc_title_title sc_align_center sc_item_title_style_default\">Kyusho Jitsu<\/h3><\/div><!-- \/.sc_title -->[\/vc_column][\/vc_row][vc_row][vc_column width=\"1\/2\"][vc_column_text css=\"\"]<\/p>\n<h4>Kyusho Jitsu<\/h4>\n<p><span class=\"trx_addons_dropcap trx_addons_dropcap_style_1\">K<\/span><\/p>\n<div class=\"content\">\n<article id=\"post-8706\" class=\"post_item_single post_type_page post-8706 page type-page status-publish hentry fancy-gallery-content-unit\">\n<div class=\"post_content entry-content\">\n<p>yusho Jitsu is ontstaan uit Dim Mak<\/p>\n<p>Kyusho Jitsu is de moderne versie van de oude Chinese krijgskunst Dim Mak. Het Dim Mak ontstond in de 13e eeuw na Christus en is de eigenlijke basis van het huidige Tai Chi. De Tao\u00efstisch priester Chang San-Feng heeft erg veel invloed gehad op het ontstaan van Tai Chi.<\/p>\n<p>De Dim Mak technieken werden jarenlang geheim gehouden uit angst dat het bij personen terecht zou komen die daar misbruik van zouden kunnen maken. Later werd in Japan door Hohan Soken (1889 \u2013 1982) deze kunst weer herontdekt en er de naam Kyusho Jitsu aan gegeven wat betekent \u201chet gevecht be\u00ebindigen in \u00e9\u00e9n seconde\u201d.<\/p>\n<\/div>\n<\/article>\n<\/div>\n<h4>DE BASIS VAN KYUSHO JITSU<\/h4>\n<p><span class=\"trx_addons_dropcap trx_addons_dropcap_style_1\">K<\/span>yusho Jitsu heeft aanvullende aspecten in de krijgskunsten waarbij gebruik gemaakt wordt van vitale of gevoelige punten op het lichaam van een tegenstander met als gevolg een knock out of zelfs de dood. Zo kun je in de vorm van een lichte knock out of een tijdelijke verlamming van het lichaam de tegenstander uitschakelen.<\/p>\n<p>De basis van Kyusho Jitsu is op de theorie van de acupunctuur gebaseerd. Tot in de 13e eeuw na Christus werd acupunctuur alleen voor genezing gebruikt. Men kwam op de gedachten om deze geneeskunde andersom te kunnen gebruiken en zo werd er een wetenschappelijke studie van gemaakt. Men kwam tot de ontdekking dat men door middel van aanraking van het lichaam op een bepaalde manier en dit te doen in een bepaalde volgorde dit verbluffende effecten teweegbracht.<\/p>\n<p>Het raken van drie punten op de juiste wijze en in de juiste volgorde kan een persoon knock out doen gaan. Bij een vier of meer punts combinatie kan men in een erg diepe knock out gaan zodanig dat die persoon er niet meer uit te halen is waardoor deze komt te overlijden. Het is zelfs mogelijk dat men door middel van Kyusho Jitsu puntcombinaties het energiesysteem zo ontregelt dat men na een korte of lange tijd daarna pas de gevolgen ervan kan ondervinden, waardoor men ziek kan worden.<\/p>\n<h4>KYUSHO JITSU OOSTERS EN WESTERS BENADERD<\/h4>\n<p><span class=\"trx_addons_dropcap trx_addons_dropcap_style_1\">K<\/span>yusho Jitsu neurologie Tegenwoordig is Kyusho Jitsu gebaseerd op de combinatie van oosterse- en westerse kennis en geneeskundige wetenschappen. Men ontdekte namelijk dat er veel overeenkomsten bestaan tussen de oosterse acupunctuur theorie van Kyusho Jitsu en tussen de westerse neurologische wetenschap. Blijkbaar liggen alle belangrijke Kyusho Jitsu punten op zenuwen. In de lessen hanteren wij natuurlijk ook deze westerse kennis. Naast de neurologie hanteren wij ook de kennis van de anatomie.<\/p>\n<p>Naast het gebruik maken van Kyusho Jitsu theorie\u00ebn om een aanvaller te kunnen uitschakelen, leren de leerlingen om deze uitschakeling (verlamming of knock out) weer te neutraliseren (herstellen). Dit noemen we het restoren. Het restoren is een zeer belangrijk onderdeel in onze lessen![\/vc_column_text][\/vc_column][vc_column width=\"1\/2\"][vc_empty_space alter_height=\"large\" hide_on_mobile=\"\"]<div  id=\"sc_promo_657428764\" \n\tclass=\"sc_promo sc_promo_modern  vc_custom_1778165431321 sc_promo_size_normal sc_promo_no_paddings sc_promo_image_fit sc_promo_image_position_right\"\n\t\t><div class=\"sc_promo_image_wrap\" style=\"width:100%;right: 0;\"><div class=\"sc_promo_image\" style=\"background-image:url(https:\/\/www.yashindo.nl\/wp-content\/uploads\/2026\/05\/banner-newlogo.png);\"><\/div><\/div><\/div><!-- \/.sc_promo -->[vc_empty_space alter_height=\"medium\" hide_on_mobile=\"\"][vc_column_text css=\"\"]<\/p>\n<h4>HET DOEL VAN KYUSHO JITSU<\/h4>\n<p><span class=\"trx_addons_dropcap trx_addons_dropcap_style_1\">H<\/span>et doel dat men met Kyusho Jitsu kan bereiken is om de bestaande krijgkunsttechnieken te verbeteren en dus ook de essentie van de technieken te kunnen herleiden.<br \/>\nDaarom kan Kyusho Jitsu goed in iedere op zichzelf staande krijgskunst toegepast worden[\/vc_column_text][vc_empty_space alter_height=\"medium\" hide_on_mobile=\"\"]<div  id=\"sc_promo_1074159550\" \n\tclass=\"sc_promo sc_promo_modern  vc_custom_1773241279292 sc_promo_size_normal sc_promo_no_paddings sc_promo_image_position_right\"\n\t\t><div class=\"sc_promo_image_wrap\" style=\"width:100%;right: 0;\"><div class=\"sc_promo_image\" style=\"background-image:url(https:\/\/www.yashindo.nl\/wp-content\/uploads\/2026\/03\/20260311_155859-scaled.jpg);\"><\/div><\/div><\/div><!-- \/.sc_promo -->[vc_empty_space alter_height=\"medium\" hide_on_mobile=\"\"]<div class=\"sc_item_button sc_button_wrap sc_align_center\"><a href=\"https:\/\/www.yashindo.nl\/?page_id=9628\"\n\t id=\"sc_button_1880088611\" \n\tclass=\"sc_button sc_button_default sc_button_size_normal sc_button_icon_left\"\n\t\t><span class=\"sc_button_text sc_align_center\"><span class=\"sc_button_title\">AANMELDEN PROEFLES<\/span><\/span><!-- \/.sc_button_text --><\/a><!-- \/.sc_button --><\/div><!-- \/.sc_item_button -->[\/vc_column][\/vc_row][vc_row][vc_column][vc_empty_space alter_height=\"medium\" hide_on_mobile=\"\"][\/vc_column][\/vc_row][vc_row full_width=\"stretch_row\" css=\".vc_custom_1727116143384{padding-top: 8em !important;padding-bottom: 8em !important;background-image: url(http:\/\/www.yashindo.nl\/wp-content\/uploads\/2024\/09\/bglogo.jpg?id=9433) !important;}\"][vc_column]<div id=\"sc_title_514208841\"\n\t\tclass=\"scheme_dark sc_title sc_title_default\"><h3 class=\"sc_item_title sc_title_title sc_align_center sc_item_title_style_default\">``Beter een meester in weinig, dan een leerling van veel!``<\/h3><\/div><!-- \/.sc_title -->[\/vc_column][\/vc_row]<\/p>\n<\/div>","protected":false},"excerpt":{"rendered":"<p>[vc_row full_width=&#8221;stretch_row&#8221; full_height=&#8221;yes&#8221; content_placement=&#8221;middle&#8221; parallax=&#8221;content-moving&#8221; parallax_image=&#8221;9839&#8243; css=&#8221;.vc_custom_1773240396850{padding-top: 7em !important;padding-bottom: 7.5em !important;}&#8221;][vc_column width=&#8221;1\/2&#8243;][\/vc_column][vc_column width=&#8221;1\/2&#8243;][\/vc_column][\/vc_row][vc_row][vc_column][vc_empty_space height=&#8221;80px&#8221; alter_height=&#8221;medium&#8221; hide_on_mobile=&#8221;&#8221;][\/vc_column][\/vc_row][vc_row][vc_column][\/vc_column][\/vc_row][vc_row][vc_column width=&#8221;1\/2&#8243;][vc_column_text css=&#8221;&#8221;] Kyusho Jitsu K yusho Jitsu is ontstaan uit Dim Mak Kyusho Jitsu is de moderne versie van de oude Chinese krijgskunst Dim Mak. Het Dim Mak ontstond in de 13e eeuw na Christus en is de eigenlijke basis van het huidige Tai&hellip;<\/p>\n","protected":false},"author":12,"featured_media":0,"parent":0,"menu_order":0,"comment_status":"closed","ping_status":"closed","template":"","meta":{"footnotes":""},"class_list":["post-9426","page","type-page","status-publish","hentry","fancy-gallery-content-unit"],"_links":{"self":[{"href":"https:\/\/www.yashindo.nl\/index.php?rest_route=\/wp\/v2\/pages\/9426","targetHints":{"allow":["GET"]}}],"collection":[{"href":"https:\/\/www.yashindo.nl\/index.php?rest_route=\/wp\/v2\/pages"}],"about":[{"href":"https:\/\/www.yashindo.nl\/index.php?rest_route=\/wp\/v2\/types\/page"}],"author":[{"embeddable":true,"href":"https:\/\/www.yashindo.nl\/index.php?rest_route=\/wp\/v2\/users\/12"}],"replies":[{"embeddable":true,"href":"https:\/\/www.yashindo.nl\/index.php?rest_route=%2Fwp%2Fv2%2Fcomments&post=9426"}],"version-history":[{"count":30,"href":"https:\/\/www.yashindo.nl\/index.php?rest_route=\/wp\/v2\/pages\/9426\/revisions"}],"predecessor-version":[{"id":10257,"href":"https:\/\/www.yashindo.nl\/index.php?rest_route=\/wp\/v2\/pages\/9426\/revisions\/10257"}],"wp:attachment":[{"href":"https:\/\/www.yashindo.nl\/index.php?rest_route=%2Fwp%2Fv2%2Fmedia&parent=9426"}],"curies":[{"name":"wp","href":"https:\/\/api.w.org\/{rel}","templated":true}]}}